{"id":504,"date":"2022-12-04T20:20:13","date_gmt":"2022-12-04T19:20:13","guid":{"rendered":"http:\/\/violedegambe-gresivaudan.fr\/blog\/?page_id=504"},"modified":"2024-06-17T13:47:34","modified_gmt":"2024-06-17T12:47:34","slug":"viola-da-gamba","status":"publish","type":"page","link":"https:\/\/violedegambe-gresivaudan.fr\/blog\/?page_id=504","title":{"rendered":"Viola da Gamba"},"content":{"rendered":"\n<h2><strong>L&#8217;<\/strong>\u00e9t\u00e9<strong> de Viola da Gamba<\/strong><br><strong>Dimanche 8 mai 2022 \u00e0 l&#8217;\u00e9glise Saint Victor de Meylan<\/strong><\/h2>\n\n\n\n<p>Les musiciens vous proposent de venir d\u00e9couvrir des \u0153uvres musicales \u00e9crites pour les violes de gambe, au XVIIeme et XVIIIeme si\u00e8cle.<br>Au programme: Frescobaldi, Bach, Lawes, Isabela Leonarda&#8230;<br><br><strong>Samedi 9 juillet 2022 \u00e0 18h au temple de Mens<\/strong><\/p>\n\n\n\n<p>Les musiciens s&#8217;expatrient dans le Tri\u00e8ves pour un moment musical en quatuor<br>Au programme: Bach, Lupo, Purcell, Marin Marais&#8230;<br><br><strong>Jeudi 21 juillet 2022 \u00e0 20h \u00e0 l&#8217;\u00e9glise de Clelles<\/strong><\/p>\n\n\n\n<p>Les violes en ballade proposent des duos de basses de viole.<br>Au programme: Bach, Marais, Scarlati, Haendel, Schenk, Abel<br><\/p>\n\n\n\n<p><strong>Du 22 au 27 ao\u00fbt 2022 : Stage de musique ancienne pour consorts de violes de gambe et fl\u00fbtes<\/strong><br>L&#8217;association Viola da Gamba organise un stage de viole de gambe et flutes en consort<br>a la maison de la musique de Meylan (CRC) pr\u00e8s de Grenoble.<br>Ce stage se terminera par un moment musical le samedi 27 ao\u00fbt \u00e0 15h \u00e0 l&#8217;auditorium de la maison de la musique de Meylan ou les stagiaires, jeunes et adultes, vous pr\u00e9senteront les pi\u00e8ces qu&#8217;ils ont travaill\u00e9es durant cette semaine.<br>Renseignements et inscriptions au 06 60 51 26 50 ou par mail <a href=\"mailto:contact@violedegambe-gresivaudan.fr\"><strong>contact@violedegambe-gresivaudan.fr<\/strong><\/a><br><\/p>\n\n\n\n<p>Pour suivre l&#8217;actualit\u00e9 de viola da gamba en direct, consulter aussi notre <a rel=\"noreferrer noopener\" href=\"http:\/\/violedegambe-gresivaudan.fr\/blog\" target=\"_blank\">blog<\/a>.<\/p>\n\n\n\n<p>Pour vous abonner aux articles, saisissez votre adresse mail dans le menu \u00e0 droite et valider par le bouton subscribe.<\/p>\n","protected":false},"excerpt":{"rendered":"<p>L&#8217;\u00e9t\u00e9 de Viola da GambaDimanche 8 mai 2022 \u00e0 l&#8217;\u00e9glise Saint Victor de Meylan Les musiciens vous proposent de venir d\u00e9couvrir des \u0153uvres musicales \u00e9crites pour les violes de gambe, au XVIIeme et XVIIIeme si\u00e8cle.Au programme: Frescobaldi, Bach, Lawes, Isabela &hellip; <a href=\"https:\/\/violedegambe-gresivaudan.fr\/blog\/?page_id=504\">Continuer la lecture <span class=\"meta-nav\">&rarr;<\/span><\/a><\/p>\n","protected":false},"author":7,"featured_media":0,"parent":0,"menu_order":0,"comment_status":"closed","ping_status":"closed","template":"","meta":{"_s2mail":""},"_links":{"self":[{"href":"https:\/\/violedegambe-gresivaudan.fr\/blog\/index.php?rest_route=\/wp\/v2\/pages\/504"}],"collection":[{"href":"https:\/\/violedegambe-gresivaudan.fr\/blog\/index.php?rest_route=\/wp\/v2\/pages"}],"about":[{"href":"https:\/\/violedegambe-gresivaudan.fr\/blog\/index.php?rest_route=\/wp\/v2\/types\/page"}],"author":[{"embeddable":true,"href":"https:\/\/violedegambe-gresivaudan.fr\/blog\/index.php?rest_route=\/wp\/v2\/users\/7"}],"replies":[{"embeddable":true,"href":"https:\/\/violedegambe-gresivaudan.fr\/blog\/index.php?rest_route=%2Fwp%2Fv2%2Fcomments&post=504"}],"version-history":[{"count":2,"href":"https:\/\/violedegambe-gresivaudan.fr\/blog\/index.php?rest_route=\/wp\/v2\/pages\/504\/revisions"}],"predecessor-version":[{"id":506,"href":"https:\/\/violedegambe-gresivaudan.fr\/blog\/index.php?rest_route=\/wp\/v2\/pages\/504\/revisions\/506"}],"wp:attachment":[{"href":"https:\/\/violedegambe-gresivaudan.fr\/blog\/index.php?rest_route=%2Fwp%2Fv2%2Fmedia&parent=504"}],"curies":[{"name":"wp","href":"https:\/\/api.w.org\/{rel}","templated":true}]}}