{"id":508,"date":"2022-12-04T20:42:40","date_gmt":"2022-12-04T19:42:40","guid":{"rendered":"http:\/\/violedegambe-gresivaudan.fr\/blog\/?page_id=508"},"modified":"2024-06-17T13:47:48","modified_gmt":"2024-06-17T12:47:48","slug":"association-presentation","status":"publish","type":"page","link":"https:\/\/violedegambe-gresivaudan.fr\/blog\/?page_id=508","title":{"rendered":"Association &#8211; Pr\u00e9sentation"},"content":{"rendered":"\n<p><strong>Viola da Gamba<\/strong>&nbsp;association loi 1901 est cr\u00e9\u00e9e en ao\u00fbt 2004 \u00e0 l&#8217;initiative de Nathalie Centonze enseignante au CRC de Meylan (conservatoire \u00e0 rayonnement communal) dans le but de faire d\u00e9couvrir la viole de gambe et la musique ancienne.<\/p>\n\n\n\n<p>Le si\u00e8ge de l&#8217;association est situ\u00e9 au Clos des Capucins dans le quartier du haut Meylan, un ancien monast\u00e8re, un cadre privil\u00e9gi\u00e9 pour r\u00e9aliser un travail de proximit\u00e9 notamment par des cours, des ateliers collectifs, des concerts, des stages&#8230;<\/p>\n\n\n\n<p>L&#8217;association propose depuis 2005 deux fois par an un \u00e0 Salon de musique au Clos des Capucins \u00e0 Meylan, concert r\u00e9unissant violes de gambes, fl\u00fbtes, luth auxquels se joignent d&#8217;autres instruments et des chanteurs. Ces Salons font \u00e0 chaque fois salle comble et r\u00e9sonnent avec ce lieu charg\u00e9 d&#8217;histoire.<\/p>\n\n\n\n<p>Elle favorise le d\u00e9veloppement des pratiques musicales amateurs, par la pratique collective d&#8217;ateliers de musique d&#8217;ensemble, par l&#8217;apprentissage de la viole de gambe quelque soit l&#8217;\u00e2ge et le niveau musical. Ces pratiques amateurs sont sources de lien social : au cours des  Salons de musique, les musiciens amateurs \u00e9changent avec un public qui d\u00e9couvre ce r\u00e9pertoire et ces instruments. Des habitu\u00e9s viennent aussi au rendez-vous de ces musiques anciennes qui deviennent plus proches. Ces Salons de musique sont un moment de partage et d&#8217;\u00e9changes, l&#8217;entr\u00e9e y est libre et gratuite.<\/p>\n\n\n\n<p>L&#8217;association organise depuis 2010 en partenariat avec la ville de Meylan la biennale des rencontres de lutherie de Meylan sur le th\u00e8me &#8220;de l&#8217;arbre \u00e0 l&#8217;instrument&#8221;.<\/p>\n\n\n\n<p>L&#8217;association d\u00e9veloppe des partenariats de proximit\u00e9.<\/p>\n\n\n\n<ul>\n<li>Elle a sign\u00e9 une convention avec le Conservatoire \u00e0 rayonnement communal de Meylan permettant \u00e0 des \u00e9l\u00e8ves de l&#8217;\u00e9cole de participer aux activit\u00e9s de l&#8217;association et vice-versa.<\/li>\n<\/ul>\n\n\n\n<p>Elle collabore avec :<\/p>\n\n\n\n<ul>\n<li>L&#8217;association les Dam&#8217; Oiseaux : bals renaissance, cr\u00e9ation de costumes, animations lors des rencontres de lutherie.<\/li>\n\n\n\n<li>L&#8217;association des Peintres Amateurs Meylanais.<\/li>\n\n\n\n<li>La compagnie  le petit th\u00e9\u00e2tre en pente pour la repr\u00e9sentation du Bourgeois Gentilhomme  de Moli\u00e8re au Sappey et au Clos des Capucins<\/li>\n\n\n\n<li>L&#8217;association  Coup de th\u00e9\u00e2tre pour les journ\u00e9es du patrimoine.<\/li>\n\n\n\n<li>L&#8217;association L&#8217;\u0153il \u00e9coute  : conf\u00e9rences, concerts.<\/li>\n<\/ul>\n\n\n\n<p>Elle participe \u00e0 la vie communale :<\/p>\n\n\n\n<ul>\n<li>Moment musical pour l&#8217;inauguration de la chapelle du Clos des Capucins.<\/li>\n\n\n\n<li>Inauguration de la cr\u00e8che de No\u00ebl.<\/li>\n\n\n\n<li>Concerts pour les journ\u00e9es du patrimoine.<\/li>\n<\/ul>\n\n\n\n<p><\/p>\n","protected":false},"excerpt":{"rendered":"<p>Viola da Gamba&nbsp;association loi 1901 est cr\u00e9\u00e9e en ao\u00fbt 2004 \u00e0 l&#8217;initiative de Nathalie Centonze enseignante au CRC de Meylan (conservatoire \u00e0 rayonnement communal) dans le but de faire d\u00e9couvrir la viole de gambe et la musique ancienne. Le si\u00e8ge &hellip; <a href=\"https:\/\/violedegambe-gresivaudan.fr\/blog\/?page_id=508\">Continuer la lecture <span class=\"meta-nav\">&rarr;<\/span><\/a><\/p>\n","protected":false},"author":7,"featured_media":0,"parent":0,"menu_order":0,"comment_status":"closed","ping_status":"closed","template":"","meta":{"_s2mail":""},"_links":{"self":[{"href":"https:\/\/violedegambe-gresivaudan.fr\/blog\/index.php?rest_route=\/wp\/v2\/pages\/508"}],"collection":[{"href":"https:\/\/violedegambe-gresivaudan.fr\/blog\/index.php?rest_route=\/wp\/v2\/pages"}],"about":[{"href":"https:\/\/violedegambe-gresivaudan.fr\/blog\/index.php?rest_route=\/wp\/v2\/types\/page"}],"author":[{"embeddable":true,"href":"https:\/\/violedegambe-gresivaudan.fr\/blog\/index.php?rest_route=\/wp\/v2\/users\/7"}],"replies":[{"embeddable":true,"href":"https:\/\/violedegambe-gresivaudan.fr\/blog\/index.php?rest_route=%2Fwp%2Fv2%2Fcomments&post=508"}],"version-history":[{"count":2,"href":"https:\/\/violedegambe-gresivaudan.fr\/blog\/index.php?rest_route=\/wp\/v2\/pages\/508\/revisions"}],"predecessor-version":[{"id":602,"href":"https:\/\/violedegambe-gresivaudan.fr\/blog\/index.php?rest_route=\/wp\/v2\/pages\/508\/revisions\/602"}],"wp:attachment":[{"href":"https:\/\/violedegambe-gresivaudan.fr\/blog\/index.php?rest_route=%2Fwp%2Fv2%2Fmedia&parent=508"}],"curies":[{"name":"wp","href":"https:\/\/api.w.org\/{rel}","templated":true}]}}