{"id":510,"date":"2022-12-04T20:52:27","date_gmt":"2022-12-04T19:52:27","guid":{"rendered":"http:\/\/violedegambe-gresivaudan.fr\/blog\/?page_id=510"},"modified":"2022-12-04T20:52:27","modified_gmt":"2022-12-04T19:52:27","slug":"association-revue-de-presse","status":"publish","type":"page","link":"https:\/\/violedegambe-gresivaudan.fr\/blog\/?page_id=510","title":{"rendered":"Association &#8211; Revue de presse"},"content":{"rendered":"\n<p>Articles 2014<\/p>\n\n\n\n<h4><strong><strong>Le Dauphin\u00e9 Lib\u00e9r\u00e9<\/strong> &#8211; 31 aout 2014<\/strong><\/h4>\n\n\n\n<p><a rel=\"noreferrer noopener\" href=\"http:\/\/violedegambe-gresivaudan.fr\/articles\/dauphine-2014-08-31.pdf\" target=\"_blank\">MEYLAN : \u00e0 la d\u00e9couverte de la viole de gambe<\/a><br>\u00e0 propos du stage d&#8217;\u00e9t\u00e9 anim\u00e9 par Pere Ros du 25 au 30 aout 2014 au clos des Capucins.<\/p>\n\n\n\n<h4><strong>Les affiches &#8211; 16 mai 2014<\/strong><\/h4>\n\n\n\n<p><a rel=\"noreferrer noopener\" href=\"http:\/\/violedegambe-gresivaudan.fr\/articles\/affiche-2014-05-16.pdf\" target=\"_blank\">Ensemble Firenza : le madrigal baroque<\/a><br>\u00e0 propos du concert du 13 mai 2014 \u00e0 la Maison de la Musique de Meylan.<\/p>\n\n\n\n<h4><strong>Les affiches &#8211; 7 f\u00e9vrier 2014<\/strong><\/h4>\n\n\n\n<p><a rel=\"noreferrer noopener\" href=\"http:\/\/violedegambe-gresivaudan.fr\/articles\/affiche-2014-02-07.pdf\" target=\"_blank\">Jordi Savall, viole de gambe : la machine \u00e0 remonter le temps<\/a><br>Article sur le concert de Jordi Savall du 28 f\u00e9vrier 2014 \u00e0 l&#8217;Hexagone de Meylan.<\/p>\n\n\n\n<p>Articles 2013<\/p>\n\n\n\n<h4><strong><strong>Le Dauphin\u00e9 Lib\u00e9r\u00e9<\/strong> &#8211; 6 juin 2013<\/strong><\/h4>\n\n\n\n<p><a rel=\"noreferrer noopener\" href=\"http:\/\/violedegambe-gresivaudan.fr\/articles\/dauphine-2013-06-06.pdf\" target=\"_blank\">MEYLAN : La viole et la Renaissance \u00e0 l&#8217;honneur au Clos des Capucins<\/a><br>\u00e0 propos du salon de musique du dimanche 2 juin 2013 au clos des Capucins.<\/p>\n\n\n\n<p>Articles 2012<\/p>\n\n\n\n<h4><strong><strong>Le Dauphin\u00e9 Lib\u00e9r\u00e9<\/strong> &#8211; 2 mars 2012<\/strong><\/h4>\n\n\n\n<p><a rel=\"noreferrer noopener\" href=\"http:\/\/violedegambe-gresivaudan.fr\/articles\/dauphine-2012-03-02.pdf\" target=\"_blank\">Les violes d\u00e9voil\u00e9es au public du Sim<\/a><br>\u00e0 propos de la conf\u00e9rence donn\u00e9e le 29 f\u00e9vrier 2012 au Sim Jean-Wiener.<\/p>\n\n\n\n<p>Articles 2011<\/p>\n\n\n\n<h4><strong><strong>Le Dauphin\u00e9 Lib\u00e9r\u00e9<\/strong> &#8211; Juin 2011<\/strong><\/h4>\n\n\n\n<p><a rel=\"noreferrer noopener\" href=\"http:\/\/violedegambe-gresivaudan.fr\/articles\/dauphine-2011-06.pdf\" target=\"_blank\">Nathalie Centonze a offert un concert hors du temps<\/a><br>\u00e0 propos du salon de musique du 19 juin 2011.<\/p>\n\n\n\n<h4><strong><strong>Le Dauphin\u00e9 Lib\u00e9r\u00e9<\/strong> &#8211; 5 juin 2011<\/strong><\/h4>\n\n\n\n<p><a href=\"http:\/\/violedegambe-gresivaudan.fr\/articles\/dauphine-2011-06-05.pdf\" target=\"_blank\" rel=\"noreferrer noopener\">Salon de musique avec Viola da Gamba<\/a><br>Annonce du salon de musique du dimanche 19 juin 2011.<\/p>\n\n\n\n<h4><strong><strong>Le Dauphin\u00e9 Lib\u00e9r\u00e9<\/strong> &#8211; 6 f\u00e9vrier 2011<\/strong><\/h4>\n\n\n\n<p><a rel=\"noreferrer noopener\" href=\"http:\/\/violedegambe-gresivaudan.fr\/articles\/dauphine-2011-02-06.pdf\" target=\"_blank\">Salon de musique<\/a><br>Annonce du salon de musique du dimanche 6 f\u00e9vrier 2011.<\/p>\n\n\n\n<p>Articles 2010<\/p>\n\n\n\n<h4><strong><strong>Le Dauphin\u00e9 Lib\u00e9r\u00e9<\/strong> &#8211; 21 octobre 2010<\/strong><\/h4>\n\n\n\n<p><a rel=\"noreferrer noopener\" href=\"http:\/\/violedegambe-gresivaudan.fr\/articles\/dauphine-2010-10-21.pdf\" target=\"_blank\">&#8220;La viole luth\u00e9e&#8221;, un concert d&#8217;exception :<\/a><br>\u00e0 propos du concert de Paolo Pandolfo et Thomas Boysen le 16 octobre 2010.<\/p>\n\n\n\n<h4><strong><strong>Le Dauphin\u00e9 Lib\u00e9r\u00e9<\/strong>&#8211; 15 octobre 2010<\/strong><\/h4>\n\n\n\n<p><a rel=\"noreferrer noopener\" href=\"http:\/\/violedegambe-gresivaudan.fr\/articles\/dauphine-2010-10-15.pdf\" target=\"_blank\">Rencontres de lutherie : de nombreux rendez-vous musicaux<\/a><br>Pr\u00e9sentation des Rencontres de lutherie du 15 au 17 octobre 2010.<\/p>\n\n\n\n<h4><strong><strong>Le Dauphin\u00e9 Lib\u00e9r\u00e9<\/strong> &#8211; 13 octobre 2010<\/strong><\/h4>\n\n\n\n<p><a rel=\"noreferrer noopener\" href=\"http:\/\/violedegambe-gresivaudan.fr\/articles\/dauphine-2010-10-13.pdf\" target=\"_blank\">Un week-end de d\u00e9couverte musicale avec l&#8217;association &#8220;Viola da gamba&#8221;<\/a><br>Pr\u00e9sentation et programme des Rencontres de lutherie du 15 au 17 octobre 2010.<\/p>\n\n\n\n<h4><strong>Les affiches de Grenoble et du Dauphin\u00e9 &#8211; 8 octobre 2010<\/strong><\/h4>\n\n\n\n<p><a rel=\"noreferrer noopener\" href=\"http:\/\/violedegambe-gresivaudan.fr\/articles\/affichesgrenoble-2010-10-08.pdf\" target=\"_blank\">La viole de gambe fait salon :<\/a><br>Pr\u00e9sentation des Rencontres de lutherie du 15 au 17 octobre 2010.<\/p>\n\n\n\n<h4><strong>Meylan ma ville &#8211; Octobre 2010<\/strong><\/h4>\n\n\n\n<p><a rel=\"noreferrer noopener\" href=\"http:\/\/violedegambe-gresivaudan.fr\/articles\/meylanmaville-2010-10.pdf\" target=\"_blank\">D\u00e9couverte &#8211; Rencontre de lutherie :<\/a><br>Pr\u00e9sentation et programme des Rencontres de lutherie du 15 au 17 octobre 2010.<\/p>\n\n\n\n<h4><strong>Captiv &#8211; Octobre 2010<\/strong><\/h4>\n\n\n\n<p><a rel=\"noreferrer noopener\" href=\"http:\/\/violedegambe-gresivaudan.fr\/articles\/captiv-2010-10.pdf\" target=\"_blank\">Lumi\u00e8res d&#8217;octobre &#8211; De l&#8217;arbre \u00e0 l&#8217;instrument :<\/a><br>Pr\u00e9sentation et programme des Rencontres de lutherie du 15 au 17 octobre 2010.<\/p>\n\n\n\n<h4><strong>Programme de l&#8217;Hexagone de Meylan &#8211; Saison 2010-2011<\/strong><\/h4>\n\n\n\n<p><a rel=\"noreferrer noopener\" href=\"http:\/\/violedegambe-gresivaudan.fr\/articles\/hexagone-2010-10.pdf\" target=\"_blank\">Paolo Pandolfo &#8211; La Viole Luth\u00e9e :<\/a><br>Pr\u00e9sentation du concert de Paolo Pandolfo et Thomas Boysen, le 16 octobre 2010 \u00e0 l&#8217;\u00e9glise Saint-Victor de Meylan.<\/p>\n\n\n\n<p>Articles 2008<\/p>\n\n\n\n<h4><strong><strong>Le Dauphin\u00e9 Lib\u00e9r\u00e9<\/strong> &#8211; 12 octobre 2008<\/strong><\/h4>\n\n\n\n<p><a rel=\"noreferrer noopener\" href=\"http:\/\/violedegambe-gresivaudan.fr\/articles\/dauphine-2008-10-12.pdf\" target=\"_blank\">&#8220;Viola da gamba&#8221; : bilan et perspectives pour l&#8217;avenir<\/a><br>\u00e0 propos de l&#8217;assembl\u00e9e g\u00e9n\u00e9rale de l&#8217;association le 10 octobre 2008.<\/p>\n\n\n\n<h4><strong><strong>Le Dauphin\u00e9 Lib\u00e9r\u00e9<\/strong> &#8211; Septembre 2008<\/strong><\/h4>\n\n\n\n<p><a rel=\"noreferrer noopener\" href=\"http:\/\/violedegambe-gresivaudan.fr\/articles\/dauphine-2008-09.pdf\" target=\"_blank\">&#8220;Fl\u00e2nerie artistique&#8221; au Clos des Capucins dimanche<\/a><br>Pr\u00e9sentation de la &#8220;Fl\u00e2nerie artistique&#8221; organis\u00e9e le 21 septembre 2008.<\/p>\n\n\n\n<p>Articles 2005<\/p>\n\n\n\n<h4><strong>Le Dauphin\u00e9 Lib\u00e9r\u00e9 &#8211; 24 juillet 2005<\/strong><\/h4>\n\n\n\n<p><a rel=\"noreferrer noopener\" href=\"http:\/\/violedegambe-gresivaudan.fr\/articles\/dauphine-2005-07-24.pdf\" target=\"_blank\">Portrait : quelques notes de viole<\/a><br>Nathalie Centonze, professeur de viole de gambe fait d\u00e9couvrir sa passion.<\/p>\n","protected":false},"excerpt":{"rendered":"<p>Articles 2014 Le Dauphin\u00e9 Lib\u00e9r\u00e9 &#8211; 31 aout 2014 MEYLAN : \u00e0 la d\u00e9couverte de la viole de gambe\u00e0 propos du stage d&#8217;\u00e9t\u00e9 anim\u00e9 par Pere Ros du 25 au 30 aout 2014 au clos des Capucins. Les affiches &#8211; &hellip; <a href=\"https:\/\/violedegambe-gresivaudan.fr\/blog\/?page_id=510\">Continuer la lecture <span class=\"meta-nav\">&rarr;<\/span><\/a><\/p>\n","protected":false},"author":7,"featured_media":0,"parent":0,"menu_order":0,"comment_status":"closed","ping_status":"closed","template":"","meta":{"_s2mail":""},"_links":{"self":[{"href":"https:\/\/violedegambe-gresivaudan.fr\/blog\/index.php?rest_route=\/wp\/v2\/pages\/510"}],"collection":[{"href":"https:\/\/violedegambe-gresivaudan.fr\/blog\/index.php?rest_route=\/wp\/v2\/pages"}],"about":[{"href":"https:\/\/violedegambe-gresivaudan.fr\/blog\/index.php?rest_route=\/wp\/v2\/types\/page"}],"author":[{"embeddable":true,"href":"https:\/\/violedegambe-gresivaudan.fr\/blog\/index.php?rest_route=\/wp\/v2\/users\/7"}],"replies":[{"embeddable":true,"href":"https:\/\/violedegambe-gresivaudan.fr\/blog\/index.php?rest_route=%2Fwp%2Fv2%2Fcomments&post=510"}],"version-history":[{"count":1,"href":"https:\/\/violedegambe-gresivaudan.fr\/blog\/index.php?rest_route=\/wp\/v2\/pages\/510\/revisions"}],"predecessor-version":[{"id":511,"href":"https:\/\/violedegambe-gresivaudan.fr\/blog\/index.php?rest_route=\/wp\/v2\/pages\/510\/revisions\/511"}],"wp:attachment":[{"href":"https:\/\/violedegambe-gresivaudan.fr\/blog\/index.php?rest_route=%2Fwp%2Fv2%2Fmedia&parent=510"}],"curies":[{"name":"wp","href":"https:\/\/api.w.org\/{rel}","templated":true}]}}